{"id":826,"date":"2025-09-27T13:34:50","date_gmt":"2025-09-27T11:34:50","guid":{"rendered":"https:\/\/bocoumbusinessshop.com\/?post_type=product&#038;p=826"},"modified":"2025-09-27T13:34:51","modified_gmt":"2025-09-27T11:34:51","slug":"acne-gel-nourishing-formula","status":"publish","type":"product","link":"https:\/\/bocoumbusinessshop.com\/?product=acne-gel-nourishing-formula","title":{"rendered":"Acne Gel \u2013 Nourishing &#038; Formula"},"content":{"rendered":"<p>Prenez soin de votre peau avec Acne Gel \u2013 Nourishing &#038; Formula, un gel innovant con\u00e7u pour cibler efficacement l\u2019acn\u00e9 tout en respectant l\u2019\u00e9quilibre naturel de la peau. Sa formule douce et nourrissante aide \u00e0 :<\/p>\n<p>R\u00e9duire l\u2019acn\u00e9 et les imperfections (boutons, points noirs et acn\u00e9 ferm\u00e9e).<\/p>\n<p>R\u00e9parer la barri\u00e8re cutan\u00e9e et renforcer la protection naturelle de la peau.<\/p>\n<p>Apaiser et calmer les irritations pour un confort optimal.<\/p>\n<p>Sa texture l\u00e9g\u00e8re p\u00e9n\u00e8tre rapidement sans laisser de film gras, id\u00e9ale pour un usage quotidien. Retrouvez une peau plus nette, lisse et \u00e9clatante gr\u00e2ce \u00e0 Acne Gel \u2013 Nourishing &#038; Formula.<\/p>\n","protected":false},"excerpt":{"rendered":"<p>Prenez soin de votre peau avec Acne Gel \u2013 Nourishing &#038; Formula, un gel innovant con\u00e7u pour cibler efficacement l\u2019acn\u00e9 tout en respectant l\u2019\u00e9quilibre naturel de la peau. Sa formule douce et nourrissante aide \u00e0 : R\u00e9duire l\u2019acn\u00e9 et les imperfections (boutons, points noirs et acn\u00e9 ferm\u00e9e). R\u00e9parer la barri\u00e8re cutan\u00e9e et renforcer la protection naturelle de la peau. Apaiser et calmer les irritations pour un confort optimal. Sa texture l\u00e9g\u00e8re p\u00e9n\u00e8tre rapidement sans laisser de film gras, id\u00e9ale pour un usage quotidien. Retrouvez une peau plus nette, lisse et \u00e9clatante gr\u00e2ce \u00e0 Acne Gel \u2013 Nourishing &#038; Formula.<\/p>\n","protected":false},"featured_media":827,"comment_status":"open","ping_status":"closed","template":"","meta":{"_eb_attr":""},"product_brand":[],"product_cat":[27],"product_tag":[],"class_list":{"0":"post-826","1":"product","2":"type-product","3":"status-publish","4":"has-post-thumbnail","6":"product_cat-cosmetiques","8":"first","9":"instock","10":"taxable","11":"shipping-taxable","12":"purchasable","13":"product-type-simple"},"_links":{"self":[{"href":"https:\/\/bocoumbusinessshop.com\/index.php?rest_route=\/wp\/v2\/product\/826","targetHints":{"allow":["GET"]}}],"collection":[{"href":"https:\/\/bocoumbusinessshop.com\/index.php?rest_route=\/wp\/v2\/product"}],"about":[{"href":"https:\/\/bocoumbusinessshop.com\/index.php?rest_route=\/wp\/v2\/types\/product"}],"replies":[{"embeddable":true,"href":"https:\/\/bocoumbusinessshop.com\/index.php?rest_route=%2Fwp%2Fv2%2Fcomments&post=826"}],"version-history":[{"count":1,"href":"https:\/\/bocoumbusinessshop.com\/index.php?rest_route=\/wp\/v2\/product\/826\/revisions"}],"predecessor-version":[{"id":831,"href":"https:\/\/bocoumbusinessshop.com\/index.php?rest_route=\/wp\/v2\/product\/826\/revisions\/831"}],"wp:featuredmedia":[{"embeddable":true,"href":"https:\/\/bocoumbusinessshop.com\/index.php?rest_route=\/wp\/v2\/media\/827"}],"wp:attachment":[{"href":"https:\/\/bocoumbusinessshop.com\/index.php?rest_route=%2Fwp%2Fv2%2Fmedia&parent=826"}],"wp:term":[{"taxonomy":"product_brand","embeddable":true,"href":"https:\/\/bocoumbusinessshop.com\/index.php?rest_route=%2Fwp%2Fv2%2Fproduct_brand&post=826"},{"taxonomy":"product_cat","embeddable":true,"href":"https:\/\/bocoumbusinessshop.com\/index.php?rest_route=%2Fwp%2Fv2%2Fproduct_cat&post=826"},{"taxonomy":"product_tag","embeddable":true,"href":"https:\/\/bocoumbusinessshop.com\/index.php?rest_route=%2Fwp%2Fv2%2Fproduct_tag&post=826"}],"curies":[{"name":"wp","href":"https:\/\/api.w.org\/{rel}","templated":true}]}}